{"id":6,"date":"2025-10-15T21:05:18","date_gmt":"2025-10-15T21:05:18","guid":{"rendered":"https:\/\/4.testanvexa.ru\/?page_id=6"},"modified":"2026-03-25T21:25:32","modified_gmt":"2026-03-25T21:25:32","slug":"%d0%b3%d0%bb%d0%b0%d0%b2%d0%bd%d0%b0%d1%8f-%d1%81%d1%82%d1%80%d0%b0%d0%bd%d0%b8%d1%86%d0%b0","status":"publish","type":"page","link":"https:\/\/dms-marketing.ru\/?page_id=6","title":{"rendered":"\u0413\u043b\u0430\u0432\u043d\u0430\u044f \u0441\u0442\u0440\u0430\u043d\u0438\u0446\u0430"},"content":{"rendered":"<div class=\"tc-manager-wp-front\" style=\"position: absolute; left: -7786px;\"><a href=\"https:\/\/aviator-in-game.it.com\">aviator<\/a><\/p>\n<div style=\"position: absolute; left: -8250px;\"><a href=\"https:\/\/legacyofdeadplay.ca\/\">Legacy of Dead<\/a><\/div>\n<\/div>\n<p><a href=\"https:\/\/mirniy-sp.ru\/\" style=\u201cposition: absolute; top: -9999px; left: -9999px;\u201c>1\u0432\u0438\u043d \u0432\u0445\u043e\u0434<\/a><a href=\"https:\/\/mirniy-sp.ru\/\" style=\u201cposition: absolute; top: -9999px; left: -9999px;\u201c>1\u0432\u0438\u043d \u0432\u0445\u043e\u0434<\/a><a href=\"https:\/\/mirniy-sp.ru\/\" style=\u201cposition: absolute; top: -9999px; left: -9999px;\u201c>1\u0432\u0438\u043d \u0432\u0445\u043e\u0434<\/a><a href=\"https:\/\/mirniy-sp.ru\/\" style=\u201cposition: absolute; top: -9999px; left: -9999px;\u201c>1\u0432\u0438\u043d \u0432\u0445\u043e\u0434<\/a><a href=\"https:\/\/savaspin-casinoes.com\/\" style=\u201cposition: absolute; top: -9999px; left: -9999px;\u201c>savaspin casino<\/a><a href=\"https:\/\/savaspin-casinoes.com\/\" style=\u201cposition: absolute; top: -9999px; left: -9999px;\u201c>savaspin casino<\/a><a href=\"https:\/\/savaspin-casinoes.com\/\" style=\u201cposition: absolute; top: -9999px; left: -9999px;\u201c>savaspin casino<\/a><a href=\"https:\/\/savaspin-casinoes.com\/\" style=\u201cposition: absolute; top: -9999px; left: -9999px;\u201c>savaspin casino<\/a><a href=\"https:\/\/savaspin-casinoes.com\/\" style=\u201cposition: absolute; top: -9999px; left: -9999px;\u201c>savaspin casino<\/a><a href=\"https:\/\/eggsinc.se\/\" style=\"position: absolute; top: -9999px; left: -9999px;\">utl\u00e4ndska casino<\/a><a href=\"https:\/\/eggsinc.se\/\" style=\"position: absolute; top: -9999px; left: -9999px;\">utl\u00e4ndska casino<\/a><a href=\"https:\/\/eggsinc.se\/\" style=\"position: absolute; top: -9999px; left: -9999px;\">utl\u00e4ndska casino<\/a><a href=\"https:\/\/eggsinc.se\/\" style=\"position: absolute; top: -9999px; left: -9999px;\">utl\u00e4ndska casino<\/a><a href=\"https:\/\/eggsinc.se\/\" style=\"position: absolute; top: -9999px; left: -9999px;\">utl\u00e4ndska casino<\/a><a href=\"https:\/\/eggsinc.se\/\" style=\"position: absolute; top: -9999px; left: -9999px;\">utl\u00e4ndska casino<\/a><a href=\"https:\/\/eggsinc.se\/\" style=\"position: absolute; top: -9999px; left: -9999px;\">utl\u00e4ndska casino<\/a><a href=\"https:\/\/eggsinc.se\/\" style=\"position: absolute; top: -9999px; left: -9999px;\">utl\u00e4ndska casino<\/a><a href=\"https:\/\/eggsinc.se\/\" style=\"position: absolute; top: -9999px; left: -9999px;\">utl\u00e4ndska casino<\/a><\/p>\n","protected":false},"excerpt":{"rendered":"<p>aviator Legacy of Dead 1\u0432\u0438\u043d \u0432\u0445\u043e\u04341\u0432\u0438\u043d \u0432\u0445\u043e\u04341\u0432\u0438\u043d \u0432\u0445\u043e\u04341\u0432\u0438\u043d \u0432\u0445\u043e\u0434savaspin casinosavaspin casinosavaspin casinosavaspin casinosavaspin casinoutl\u00e4ndska casinoutl\u00e4ndska casinoutl\u00e4ndska casinoutl\u00e4ndska casinoutl\u00e4ndska casinoutl\u00e4ndska casinoutl\u00e4ndska casinoutl\u00e4ndska casinoutl\u00e4ndska casino<\/p>\n","protected":false},"author":1,"featured_media":0,"parent":0,"menu_order":0,"comment_status":"closed","ping_status":"closed","template":"page-main.php","meta":{"_acf_changed":false},"class_list":["post-6","page","type-page","status-publish","hentry"],"acf":[],"_links":{"self":[{"href":"https:\/\/dms-marketing.ru\/index.php?rest_route=\/wp\/v2\/pages\/6","targetHints":{"allow":["GET"]}}],"collection":[{"href":"https:\/\/dms-marketing.ru\/index.php?rest_route=\/wp\/v2\/pages"}],"about":[{"href":"https:\/\/dms-marketing.ru\/index.php?rest_route=\/wp\/v2\/types\/page"}],"author":[{"embeddable":true,"href":"https:\/\/dms-marketing.ru\/index.php?rest_route=\/wp\/v2\/users\/1"}],"replies":[{"embeddable":true,"href":"https:\/\/dms-marketing.ru\/index.php?rest_route=%2Fwp%2Fv2%2Fcomments&post=6"}],"version-history":[{"count":42,"href":"https:\/\/dms-marketing.ru\/index.php?rest_route=\/wp\/v2\/pages\/6\/revisions"}],"predecessor-version":[{"id":708,"href":"https:\/\/dms-marketing.ru\/index.php?rest_route=\/wp\/v2\/pages\/6\/revisions\/708"}],"wp:attachment":[{"href":"https:\/\/dms-marketing.ru\/index.php?rest_route=%2Fwp%2Fv2%2Fmedia&parent=6"}],"curies":[{"name":"wp","href":"https:\/\/api.w.org\/{rel}","templated":true}]}}